{"id":65,"date":"2012-11-25T22:34:00","date_gmt":"2012-11-25T20:34:00","guid":{"rendered":"https:\/\/www.joergobenauer.de\/wp01\/?page_id=65"},"modified":"2019-09-23T18:48:41","modified_gmt":"2019-09-23T16:48:41","slug":"lichtobjekte-org-2","status":"publish","type":"page","link":"https:\/\/www.joergobenauer.de\/?page_id=65","title":{"rendered":"FYI"},"content":{"rendered":"<p>Die Arbeiten von Joerg Obenauer verleihen der Logik elektronischer Schaltungen eine au\u00dfergew\u00f6hnliche Sinnlichkeit.<\/p>\n<p>F\u00fcr den Betrachter entspinnt sich ein Faden zwischen den abstrakten Arbeiten und den individuellen Assoziationen.<br \/>\nDie eigene Wahrnehmung, das &#8222;Bauchgef\u00fchl&#8220; und deren m\u00f6gliche Ver\u00e4nderungen treten in den Vordergrund.<\/p>\n<p>Denn, obwohl zum Teil technischer Natur, gerade bei den kinetischen Objekten, geht von den Arbeiten auch eine gewisse Ruhe aus.<br \/>\nEs ist eine Einladung, sich auf faszinierende Lichtspiele und den damit verbundenen Stimmungen und Atmosph\u00e4ren einzulassen.<\/p>\n<p>Die Arrangements aus Licht, Material, Mechanik und Elektronik f\u00fchren die Tradition des Minimalismus in der Gegenwart fort.<br \/>\nSo finden sich keine \u00fcbergeordneten Ideen in den Lichtobjekten, Skulpturen und kinetischen Objekten wieder.<br \/>\nTypisch dabei ist die Reduktion auf einfache und \u00fcbersichtliche, meist geometrische Grundstrukturen, die in serieller Wiederholung eine Erweiterung finden.<\/p>\n<p>Der Zufall ist bei vielen Arbeiten Obenauers ein ma\u00dfgeblicher Bestandteil.<br \/>\nObwohl der Betrachter zum Teil die Einflussfaktoren der Vorg\u00e4nge erkennen kann,<br \/>\nbleiben die fortlaufenden Ver\u00e4nderungen innerhalb der Objekte nicht bis ins letzte Detail vorhersehbar.<\/p>\n<p>Es entsteht eine Verschmelzung von Wahrnehmung, Faszination und Meditation.<\/p>\n<p>Obenauers Kompositionen beschr\u00e4nken sich dabei nicht auf festgelegte Vorgehensweisen,<br \/>\nsondern sind zu allen Seiten offen und verwenden jegliche zur Verf\u00fcgung stehenden Materialien, mechatronische Konstruktionen und Lichttechniken.<br \/>\n&#8230;<\/p>\n<p style=\"text-align: right;\"><em>(Auszug aus dem Ausstellungstext der OPEN Galerie zur Ausstellung &#8222;c oder die endliche Geschwindigkeit f\u00fcr die Ausbreitung von Wirkungen im Universum, 2012)<\/em><\/p>\n","protected":false},"excerpt":{"rendered":"<p>Die Arbeiten von Joerg Obenauer verleihen der Logik elektronischer Schaltungen eine au\u00dfergew\u00f6hnliche Sinnlichkeit. F\u00fcr den Betrachter entspinnt sich ein Faden zwischen den abstrakten Arbeiten und den individuellen Assoziationen. Die eigene Wahrnehmung, das &#8222;Bauchgef\u00fchl&#8220; und deren m\u00f6gliche Ver\u00e4nderungen treten in den Vordergrund. Denn, obwohl zum Teil technischer Natur, gerade bei den kinetischen Objekten, geht von den [&hellip;]<\/p>\n","protected":false},"author":3,"featured_media":0,"parent":0,"menu_order":0,"comment_status":"closed","ping_status":"closed","template":"","meta":{"footnotes":""},"_links":{"self":[{"href":"https:\/\/www.joergobenauer.de\/index.php?rest_route=\/wp\/v2\/pages\/65"}],"collection":[{"href":"https:\/\/www.joergobenauer.de\/index.php?rest_route=\/wp\/v2\/pages"}],"about":[{"href":"https:\/\/www.joergobenauer.de\/index.php?rest_route=\/wp\/v2\/types\/page"}],"author":[{"embeddable":true,"href":"https:\/\/www.joergobenauer.de\/index.php?rest_route=\/wp\/v2\/users\/3"}],"replies":[{"embeddable":true,"href":"https:\/\/www.joergobenauer.de\/index.php?rest_route=%2Fwp%2Fv2%2Fcomments&post=65"}],"version-history":[{"count":74,"href":"https:\/\/www.joergobenauer.de\/index.php?rest_route=\/wp\/v2\/pages\/65\/revisions"}],"predecessor-version":[{"id":3099,"href":"https:\/\/www.joergobenauer.de\/index.php?rest_route=\/wp\/v2\/pages\/65\/revisions\/3099"}],"wp:attachment":[{"href":"https:\/\/www.joergobenauer.de\/index.php?rest_route=%2Fwp%2Fv2%2Fmedia&parent=65"}],"curies":[{"name":"wp","href":"https:\/\/api.w.org\/{rel}","templated":true}]}}