{"id":2891,"date":"2018-05-07T12:00:37","date_gmt":"2018-05-07T10:00:37","guid":{"rendered":"https:\/\/www.joergobenauer.de\/wp01\/?page_id=2891"},"modified":"2023-10-07T16:33:10","modified_gmt":"2023-10-07T14:33:10","slug":"datenschutz","status":"publish","type":"page","link":"https:\/\/www.joergobenauer.de\/?page_id=2891","title":{"rendered":"DATENSCHUTZ"},"content":{"rendered":"<p>DATENSCHUTZERKL\u00c4RUNG<br \/>\nVerantwortliche Stelle im Sinne der Datenschutzgesetze, insbesondere der EU-Datenschutzgrundverordnung (DSGVO), ist:<\/p>\n<p>Dipl. Des. JOERG OBENAUER<br \/>\nFrankfurter Landstrasse 52<br \/>\n63452 Hanau<br \/>\nTelefon +49.(0).6181 6681783<br \/>\n<img decoding=\"async\" loading=\"lazy\" class=\"alignnone size-full wp-image-318\" src=\"http:\/\/www.joergobenauer.de\/wp-content\/uploads\/2012\/12\/Bildschirmfoto-2012-12-02-um-22.43.07.png\" alt=\"\" width=\"167\" height=\"25\" \/><\/p>\n<p>Ihre Betroffenenrechte<br \/>\nUnter den angegebenen Kontaktdaten unseres Datenschutzbeauftragten k\u00f6nnen Sie jederzeit folgende Rechte aus\u00fcben:<\/p>\n<p>Auskunft \u00fcber Ihre bei uns gespeicherten Daten und deren Verarbeitung,<br \/>\nBerichtigung unrichtiger personenbezogener Daten,<br \/>\nL\u00f6schung Ihrer bei uns gespeicherten Daten,<br \/>\nEinschr\u00e4nkung der Datenverarbeitung, sofern wir Ihre Daten aufgrund gesetzlicher Pflichten noch nicht l\u00f6schen d\u00fcrfen,<br \/>\nWiderspruch gegen die Verarbeitung Ihrer Daten bei uns und<br \/>\nDaten\u00fcbertragbarkeit, sofern Sie in die Datenverarbeitung eingewilligt haben oder einen Vertrag mit uns abgeschlossen haben.<br \/>\nSofern Sie uns eine Einwilligung erteilt haben, k\u00f6nnen Sie diese jederzeit mit Wirkung f\u00fcr die Zukunft widerrufen.<\/p>\n<p>Sie k\u00f6nnen sich jederzeit mit einer Beschwerde an die f\u00fcr Sie zust\u00e4ndige Aufsichtsbeh\u00f6rde wenden.<br \/>\nIhre zust\u00e4ndige Aufsichtsbeh\u00f6rde richtet sich nach dem Bundesland Ihres Wohnsitzes, Ihrer Arbeit oder der mutma\u00dflichen Verletzung.<br \/>\nEine Liste der Aufsichtsbeh\u00f6rden (f\u00fcr den nicht\u00f6ffentlichen Bereich) mit Anschrift finden Sie unter:<br \/>\nhttps:\/\/www.bfdi.bund.de\/DE\/Infothek\/Anschriften_Links\/anschriften_links-node.html.<\/p>\n<p>Zwecke der Datenverarbeitung durch die verantwortliche Stelle und Dritte<br \/>\nWir verarbeiten Ihre personenbezogenen Daten nur zu den in dieser Datenschutzerkl\u00e4rung genannten Zwecken.<br \/>\nEine \u00dcbermittlung Ihrer pers\u00f6nlichen Daten an Dritte zu anderen als den genannten Zwecken findet nicht statt.<br \/>\nWir geben Ihre pers\u00f6nlichen Daten nur an Dritte weiter, wenn:<\/p>\n<p>Sie Ihre ausdr\u00fcckliche Einwilligung dazu erteilt haben,<br \/>\ndie Verarbeitung zur Abwicklung eines Vertrags mit Ihnen erforderlich ist,<br \/>\ndie Verarbeitung zur Erf\u00fcllung einer rechtlichen Verpflichtung erforderlich ist,<br \/>\ndie Verarbeitung zur Wahrung berechtigter Interessen erforderlich ist und kein Grund zur Annahme besteht,<br \/>\ndass Sie ein \u00fcberwiegendes schutzw\u00fcrdiges Interesse an der Nichtweitergabe Ihrer Daten haben.<\/p>\n<p>L\u00f6schung bzw. Sperrung der Daten<br \/>\nWir halten uns an die Grunds\u00e4tze der Datenvermeidung und Datensparsamkeit.<br \/>\nWir speichern Ihre personenbezogenen Daten daher nur so lange,<br \/>\nwie dies zur Erreichung der hier genannten Zwecke erforderlich ist oder wie es die vom Gesetzgeber vorgesehenen vielf\u00e4ltigen Speicherfristen vorsehen.<br \/>\nNach Fortfall des jeweiligen Zweckes bzw. Ablauf dieser Fristen werden die entsprechenden Daten routinem\u00e4\u00dfig<br \/>\nund entsprechend den gesetzlichen Vorschriften gesperrt oder gel\u00f6scht.<\/p>\n<p>Erfassung allgemeiner Informationen beim Besuch unserer Website<br \/>\nWenn Sie auf unsere Website zugreifen, werden automatisch mittels eines Cookies Informationen allgemeiner Natur erfasst.<br \/>\nDiese Informationen (Server-Logfiles) beinhalten etwa die Art des Webbrowsers, das verwendete Betriebssystem,<br \/>\nden Domainnamen Ihres Internet-Service-Providers und \u00e4hnliches. Hierbei handelt es sich ausschlie\u00dflich um Informationen,<br \/>\nwelche keine R\u00fcckschl\u00fcsse auf Ihre Person zulassen.<\/p>\n<p>Diese Informationen sind technisch notwendig, um von Ihnen angeforderte Inhalte von Webseiten korrekt auszuliefern<br \/>\nund fallen bei Nutzung des Internets zwingend an. Sie werden insbesondere zu folgenden Zwecken verarbeitet:<\/p>\n<p>Sicherstellung eines problemlosen Verbindungsaufbaus der Website,<br \/>\nSicherstellung einer reibungslosen Nutzung unserer Website,<br \/>\nAuswertung der Systemsicherheit und -stabilit\u00e4t sowie<br \/>\nzu weiteren administrativen Zwecken.<br \/>\nDie Verarbeitung Ihrer personenbezogenen Daten basiert auf unserem berechtigten Interesse aus den vorgenannten Zwecken zur Datenerhebung.<br \/>\nWir verwenden Ihre Daten nicht, um R\u00fcckschl\u00fcsse auf Ihre Person zu ziehen.<br \/>\nEmpf\u00e4nger der Daten sind nur die verantwortliche Stelle und ggf. Auftragsverarbeiter.<\/p>\n<p>Anonyme Informationen dieser Art werden von uns ggfs. statistisch ausgewertet,<br \/>\num unseren Internetauftritt und die dahinterstehende Technik zu optimieren.<\/p>\n<p>Kontaktformular<br \/>\nTreten Sie bzgl. Fragen jeglicher Art per E-Mail oder Kontaktformular mit uns in Kontakt,<br \/>\nerteilen Sie uns zum Zwecke der Kontaktaufnahme Ihre freiwillige Einwilligung.<br \/>\nHierf\u00fcr ist die Angabe einer validen E-Mail-Adresse erforderlich.<br \/>\nDiese dient der Zuordnung der Anfrage und der anschlie\u00dfenden Beantwortung derselben.<br \/>\nDie Angabe weiterer Daten ist optional.<br \/>\nDie von Ihnen gemachten Angaben werden zum Zwecke der Bearbeitung der Anfrage sowie f\u00fcr m\u00f6gliche Anschlussfragen gespeichert.<br \/>\nNach Erledigung der von Ihnen gestellten Anfrage werden personenbezogene Daten automatisch gel\u00f6scht.<\/p>\n<p>\u00c4nderung unserer Datenschutzbestimmungen<br \/>\nWir behalten uns vor, diese Datenschutzerkl\u00e4rung anzupassen,<br \/>\ndamit sie stets den aktuellen rechtlichen Anforderungen entspricht oder um \u00c4nderungen unserer Leistungen in der Datenschutzerkl\u00e4rung umzusetzen,<br \/>\nz.B. bei der Einf\u00fchrung neuer Services. F\u00fcr Ihren erneuten Besuch gilt dann die neue Datenschutzerkl\u00e4rung.<\/p>\n<p>Fragen an den Datenschutzbeauftragten<br \/>\nWenn Sie Fragen zum Datenschutz haben, schreiben Sie uns bitte eine E-Mail<br \/>\noder wenden Sie sich direkt an die f\u00fcr den Datenschutz verantwortliche Person in unserer Organisation:<\/p>\n<p>Die Datenschutzerkl\u00e4rung wurde mit dem Datenschutzerkl\u00e4rungs-Generator der activeMind AG erstellt.<\/p>\n<p>&nbsp;<\/p>\n<p>Vimeo<br \/>\nWir binden die Videos der Plattform \u201cVimeo\u201d des Anbieters Vimeo Inc., Attention: Legal Department, 555 West 18th Street New York, New York 10011, USA, ein.<br \/>\nDatenschutzerkl\u00e4rung: https:\/\/vimeo.com\/privacy.<\/p>\n","protected":false},"excerpt":{"rendered":"<p>DATENSCHUTZERKL\u00c4RUNG Verantwortliche Stelle im Sinne der Datenschutzgesetze, insbesondere der EU-Datenschutzgrundverordnung (DSGVO), ist: Dipl. Des. JOERG OBENAUER Frankfurter Landstrasse 52 63452 Hanau Telefon +49.(0).6181 6681783 Ihre Betroffenenrechte Unter den angegebenen Kontaktdaten unseres Datenschutzbeauftragten k\u00f6nnen Sie jederzeit folgende Rechte aus\u00fcben: Auskunft \u00fcber Ihre bei uns gespeicherten Daten und deren Verarbeitung, Berichtigung unrichtiger personenbezogener Daten, L\u00f6schung Ihrer bei [&hellip;]<\/p>\n","protected":false},"author":3,"featured_media":0,"parent":0,"menu_order":0,"comment_status":"closed","ping_status":"closed","template":"","meta":{"footnotes":""},"_links":{"self":[{"href":"https:\/\/www.joergobenauer.de\/index.php?rest_route=\/wp\/v2\/pages\/2891"}],"collection":[{"href":"https:\/\/www.joergobenauer.de\/index.php?rest_route=\/wp\/v2\/pages"}],"about":[{"href":"https:\/\/www.joergobenauer.de\/index.php?rest_route=\/wp\/v2\/types\/page"}],"author":[{"embeddable":true,"href":"https:\/\/www.joergobenauer.de\/index.php?rest_route=\/wp\/v2\/users\/3"}],"replies":[{"embeddable":true,"href":"https:\/\/www.joergobenauer.de\/index.php?rest_route=%2Fwp%2Fv2%2Fcomments&post=2891"}],"version-history":[{"count":18,"href":"https:\/\/www.joergobenauer.de\/index.php?rest_route=\/wp\/v2\/pages\/2891\/revisions"}],"predecessor-version":[{"id":3322,"href":"https:\/\/www.joergobenauer.de\/index.php?rest_route=\/wp\/v2\/pages\/2891\/revisions\/3322"}],"wp:attachment":[{"href":"https:\/\/www.joergobenauer.de\/index.php?rest_route=%2Fwp%2Fv2%2Fmedia&parent=2891"}],"curies":[{"name":"wp","href":"https:\/\/api.w.org\/{rel}","templated":true}]}}